{"id":99,"date":"2011-09-13T08:03:53","date_gmt":"2011-09-13T11:03:53","guid":{"rendered":"http:\/\/eriberto.pro.br\/site\/?page_id=99"},"modified":"2023-02-15T00:43:24","modified_gmt":"2023-02-15T03:43:24","slug":"contato","status":"publish","type":"page","link":"https:\/\/eriberto.pro.br\/site\/contato\/","title":{"rendered":"Contato"},"content":{"rendered":"\n<p>Caso precise me contactar, utilize o e-mail eriberto (a) eriberto pro br (posso demorar a responder).<\/p>\n\n\n\n<div style=\"height:30px\" aria-hidden=\"true\" class=\"wp-block-spacer\"><\/div>\n\n\n\n<p>POR FAVOR, n\u00e3o me contacte para pedir por <strong>suporte t\u00e9cnico<\/strong> particular. Em virtude dos atropelos da vida, n\u00e3o tenho mais tempo para responder a essas d\u00favidas.<\/p>\n\n\n\n<div style=\"height:30px\" aria-hidden=\"true\" class=\"wp-block-spacer\"><\/div>\n\n\n\n<p>Caso voc\u00ea deseje alguma palestra ou minicurso em algum evento, por favor, agende com anteced\u00eancia. Os assuntos dispon\u00edveis est\u00e3o listados em <a href=\"https:\/\/eriberto.pro.br\/palestras\">https:\/\/eriberto.pro.br\/palestras<\/a>. O meu minicurr\u00edculo est\u00e1 em <a href=\"https:\/\/eriberto.pro.br\/curriculo\">https:\/\/eriberto.pro.br\/curriculo<\/a>.<\/p>\n\n\n\n<div style=\"height:30px\" aria-hidden=\"true\" class=\"wp-block-spacer\"><\/div>\n\n\n\n<p>Caso necessite, a minha chave <strong>GPG (PGP)<\/strong> ativa \u00e9 a rsa4096\/DE63B9C704EBE9EF, de 09 de junho de 2010. A citada chave poder\u00e1 ser obtida em servidores PGP\/GPG, como os listados a seguir:<\/p>\n\n\n\n<ul class=\"wp-block-list\">\n<li><a href=\"https:\/\/keyserver.ubuntu.com\">https:\/\/keyserver.ubuntu.com<\/a><\/li>\n\n\n\n<li><a href=\"https:\/\/pgp.mit.edu\">https:\/\/pgp.mit.edu<\/a><\/li>\n\n\n\n<li><a href=\"https:\/\/pgp.surfnet.nl\">https:\/\/pgp.surfnet.nl<\/a><\/li>\n<\/ul>\n\n\n\n<div style=\"height:30px\" aria-hidden=\"true\" class=\"wp-block-spacer\"><\/div>\n\n\n\n<p><span style=\"color: #ff0000;\"><strong>CUIDADO:<\/strong><\/span> existe uma pessoa chamada Carlos que tentou se passar por mim, adicionando o meu nome completo e o meu e-mail na chave dele, criando assim uma UID falsa.<strong> N\u00e3o use essa chave:<\/strong> rsa4096\/0bbd94963477e745, de 31 de janeiro de 2016.<\/p>\n\n\n\n<div style=\"height:30px\" aria-hidden=\"true\" class=\"wp-block-spacer\"><\/div>\n\n\n\n<p>Obrigado pela sua visita.<\/p>\n\n\n\n<div style=\"height:100px\" aria-hidden=\"true\" class=\"wp-block-spacer\"><\/div>\n\n\n\n<p><\/p>\n","protected":false},"excerpt":{"rendered":"<p>Caso precise me contactar, utilize o e-mail eriberto (a) eriberto pro br (posso demorar a responder). POR FAVOR, n\u00e3o me contacte para pedir por suporte<\/p>\n","protected":false},"author":2,"featured_media":0,"parent":0,"menu_order":45,"comment_status":"closed","ping_status":"closed","template":"","meta":{"footnotes":""},"class_list":["post-99","page","type-page","status-publish","hentry"],"_links":{"self":[{"href":"https:\/\/eriberto.pro.br\/site\/wp-json\/wp\/v2\/pages\/99","targetHints":{"allow":["GET"]}}],"collection":[{"href":"https:\/\/eriberto.pro.br\/site\/wp-json\/wp\/v2\/pages"}],"about":[{"href":"https:\/\/eriberto.pro.br\/site\/wp-json\/wp\/v2\/types\/page"}],"author":[{"embeddable":true,"href":"https:\/\/eriberto.pro.br\/site\/wp-json\/wp\/v2\/users\/2"}],"replies":[{"embeddable":true,"href":"https:\/\/eriberto.pro.br\/site\/wp-json\/wp\/v2\/comments?post=99"}],"version-history":[{"count":10,"href":"https:\/\/eriberto.pro.br\/site\/wp-json\/wp\/v2\/pages\/99\/revisions"}],"predecessor-version":[{"id":721,"href":"https:\/\/eriberto.pro.br\/site\/wp-json\/wp\/v2\/pages\/99\/revisions\/721"}],"wp:attachment":[{"href":"https:\/\/eriberto.pro.br\/site\/wp-json\/wp\/v2\/media?parent=99"}],"curies":[{"name":"wp","href":"https:\/\/api.w.org\/{rel}","templated":true}]}}