{"id":96,"date":"2011-09-13T07:37:11","date_gmt":"2011-09-13T10:37:11","guid":{"rendered":"http:\/\/eriberto.pro.br\/site\/?page_id=96"},"modified":"2023-02-15T01:04:19","modified_gmt":"2023-02-15T04:04:19","slug":"assuntos-tecnicos","status":"publish","type":"page","link":"https:\/\/eriberto.pro.br\/site\/assuntos-tecnicos\/","title":{"rendered":"Diversos"},"content":{"rendered":"\n<h2 class=\"wp-block-heading\"><span style=\"color: #ff0000;\">Artigos<\/span><\/h2>\n\n\n\n<p>H\u00e1 alguns artigos escritos por mim dispon\u00edveis <a href=\"https:\/\/eriberto.pro.br\/artigos\">aqui<\/a>. Esses artigos foram publicados em m\u00eddias diversas.<\/p>\n\n\n\n<div style=\"height:40px\" aria-hidden=\"true\" class=\"wp-block-spacer\"><\/div>\n\n\n\n<h2 class=\"wp-block-heading\"> <span style=\"color: #ff0000;\">Filmetes<\/span><\/h2>\n\n\n\n<p>O filme Warriors of the Net, apesar de antigo, \u00e9 um cl\u00e1ssico para o ensino sobre o funcionamento das redes de computadores. Em 2004 legendei o filme em portugu\u00eas do Brasil (aproveitando bastante a legenda criada em Portugal) e, em 2006, fiz uma revis\u00e3o que retirou v\u00e1rios erros t\u00e9cnicos.<\/p>\n\n\n\n<ul class=\"wp-block-list\">\n<li>Link para o filme em portugu\u00eas do Brasil (legendado): clique <a href=\"https:\/\/www.eriberto.pro.br\/files\/warriors_of_the_net.avi\">aqui<\/a>.<\/li>\n\n\n\n<li>MD5SUM para o filme em portugu\u00eas do Brasil (legendado): d1788d1f3712efc0fcb3c344aea8185b<\/li>\n\n\n\n<li>Link para o site original do filme: clique <a href=\"https:\/\/www.warriorsofthe.net\/\">aqui<\/a>.<\/li>\n<\/ul>\n\n\n\n<div style=\"height:40px\" aria-hidden=\"true\" class=\"wp-block-spacer\"><\/div>\n\n\n\n<h2 class=\"wp-block-heading\"><span style=\"color: #ff0000;\">Listas de discuss\u00e3o<\/span><\/h2>\n\n\n\n<p>Antes de participar de qualquer lista de discuss\u00e3o, sugiro a leitura do seguinte artigo:<\/p>\n\n\n\n<ul class=\"wp-block-list\">\n<li><a href=\"https:\/\/www.eriberto.pro.br\/wiki\/index.php?title=Regras_de_utiliza%C3%A7%C3%A3o_e_sobreviv%C3%AAncia_em_listas_de_discuss%C3%A3o\">Regras de sobreviv\u00eancia em listas de discuss\u00e3o<\/a>.<\/li>\n<\/ul>\n\n\n\n<div style=\"height:40px\" aria-hidden=\"true\" class=\"wp-block-spacer\"><\/div>\n\n\n\n<h2 class=\"wp-block-heading\"><span style=\"color: #ff0000;\">Meus livros<\/span><\/h2>\n\n\n\n<p>Ao longo da minha vida j\u00e1 escrevi ou ando escrevendo alguns livros. S\u00e3o eles:<\/p>\n\n\n\n<ul class=\"wp-block-list\">\n<li><a href=\"http:\/\/www.novatec.com.br\/livros\/analise-trafego-tcp-ip\">An\u00e1lise de tr\u00e1fego em redes TCP\/IP<\/a>, Editora Novatec, ano 2013, 416 p\u00e1ginas.<\/li>\n\n\n\n<li><a href=\"https:\/\/novatec.com.br\/livros\/descobrindo-linux-3ed\/\">Descobrindo o Linux &#8211; 3\u00aa edi\u00e7\u00e3o<\/a>, Editora Novatec, ano 2012, 928 p\u00e1ginas (obsoleto)<\/li>\n\n\n\n<li><a href=\"https:\/\/novatec.com.br\/livros\/descobrindo-linux-2ed\/\">Descobrindo o Linux &#8211; 2\u00aa edi\u00e7\u00e3o<\/a>, Editora Novatec, ano 2007, 544 p\u00e1ginas (obsoleto)<\/li>\n\n\n\n<li><a href=\"https:\/\/novatec.com.br\/livros\/descobrindo-linux-1ed\/\">Descobrindo o Linux &#8211; 1\u00aa edi\u00e7\u00e3o<\/a>, Editora Novatec, ano 2006, 420 p\u00e1ginas (obsoleto)<\/li>\n\n\n\n<li><a href=\"https:\/\/lcm.com.br\/site\/livros\/detalhesLivro\/f\/pequenas-redes-com-micosoft-windows---para-casa-e-escritorio-----esgotado.html\">Pequenas Redes com Microsoft Windows<\/a>, Editora Ci\u00eancia Moderna, ano 2001, 294 p\u00e1ginas (obsoleto)<\/li>\n\n\n\n<li><a href=\"https:\/\/lcm.com.br\/site\/livros\/detalhesLivro\/f\/linux---seus-servidores---baseado-no-red-hat-linux-6-1.html\">Linux &amp; Seus Servidores<\/a>, Editora Ci\u00eancia Moderna, ano 2000, 224 p\u00e1ginas (obsoleto) <\/li>\n<\/ul>\n\n\n\n<div style=\"height:40px\" aria-hidden=\"true\" class=\"wp-block-spacer\"><\/div>\n\n\n\n<h2 class=\"wp-block-heading\"><span style=\"color: #ff0000;\">Tutoriais t\u00e9cnicos<\/span><\/h2>\n\n\n\n<p>Existe um tutorial desenvolvido por mim em p\u00e1ginas HTML antigas:<\/p>\n\n\n\n<ul class=\"wp-block-list\">\n<li><a href=\"https:\/\/eriberto.pro.br\/iptables\">Iptables<\/a><\/li>\n<\/ul>\n\n\n\n<div style=\"height:40px\" aria-hidden=\"true\" class=\"wp-block-spacer\"><\/div>\n\n\n\n<h2 class=\"wp-block-heading\"><span style=\"color: #ff0000;\">Achados e perdidos&#8230;<\/span><\/h2>\n\n\n\n<ul class=\"wp-block-list\">\n<li>Exerc\u00edcios e documentos sobre forense computacional criados por mim: <a href=\"https:\/\/eriberto.pro.br\/forense\">aqui<\/a>.<\/li>\n\n\n\n<li>Exerc\u00edcios e documentos sobre redes TCP\/IP criados por mim: <a href=\"https:\/\/eriberto.pro.br\/redes\">aqui<\/a>.<\/li>\n\n\n\n<li>Exerc\u00edcios sobre programa\u00e7\u00e3o shell script criados por mim: <a href=\"https:\/\/eriberto.pro.br\/files\/shell\">aqui<\/a>.<\/li>\n\n\n\n<li>Guia b\u00e1sico de redes TCP\/IP no Debian GNU\/Linux (minha autoria): <a href=\"https:\/\/eriberto.pro.br\/files\/guia_basico_redes.pdf\">PDF<\/a>.<\/li>\n\n\n\n<li>Intel 80386 Programmer&#8217;s Reference Manual 1986 (raridade): <a href=\"https:\/\/eriberto.pro.br\/files\/386intel.pdf\">PDF<\/a>.<\/li>\n<\/ul>\n\n\n\n<div style=\"height:20px\" aria-hidden=\"true\" class=\"wp-block-spacer\"><\/div>\n\n\n\n<p>     Obs: eu n\u00e3o forne\u00e7o as solu\u00e7\u00f5es dos exerc\u00edcios.<\/p>\n\n\n\n<div style=\"height:40px\" aria-hidden=\"true\" class=\"wp-block-spacer\"><\/div>\n","protected":false},"excerpt":{"rendered":"<p>Artigos H\u00e1 alguns artigos escritos por mim dispon\u00edveis aqui. Esses artigos foram publicados em m\u00eddias diversas. Filmetes O filme Warriors of the Net, apesar de<\/p>\n","protected":false},"author":2,"featured_media":0,"parent":0,"menu_order":9,"comment_status":"closed","ping_status":"open","template":"onecolumn-page.php","meta":{"footnotes":""},"class_list":["post-96","page","type-page","status-publish","hentry"],"_links":{"self":[{"href":"https:\/\/eriberto.pro.br\/site\/wp-json\/wp\/v2\/pages\/96","targetHints":{"allow":["GET"]}}],"collection":[{"href":"https:\/\/eriberto.pro.br\/site\/wp-json\/wp\/v2\/pages"}],"about":[{"href":"https:\/\/eriberto.pro.br\/site\/wp-json\/wp\/v2\/types\/page"}],"author":[{"embeddable":true,"href":"https:\/\/eriberto.pro.br\/site\/wp-json\/wp\/v2\/users\/2"}],"replies":[{"embeddable":true,"href":"https:\/\/eriberto.pro.br\/site\/wp-json\/wp\/v2\/comments?post=96"}],"version-history":[{"count":9,"href":"https:\/\/eriberto.pro.br\/site\/wp-json\/wp\/v2\/pages\/96\/revisions"}],"predecessor-version":[{"id":730,"href":"https:\/\/eriberto.pro.br\/site\/wp-json\/wp\/v2\/pages\/96\/revisions\/730"}],"wp:attachment":[{"href":"https:\/\/eriberto.pro.br\/site\/wp-json\/wp\/v2\/media?parent=96"}],"curies":[{"name":"wp","href":"https:\/\/api.w.org\/{rel}","templated":true}]}}