{"id":6,"date":"2011-09-09T11:21:05","date_gmt":"2011-09-09T14:21:05","guid":{"rendered":"http:\/\/eriberto.pro.br\/site\/?page_id=6"},"modified":"2024-12-28T14:57:05","modified_gmt":"2024-12-28T17:57:05","slug":"6-2","status":"publish","type":"page","link":"https:\/\/eriberto.pro.br\/site\/","title":{"rendered":""},"content":{"rendered":"\n<p>Ol\u00e1,<\/p>\n\n\n\n<p>O meu nome \u00e9 Eriberto e este \u00e9 o meu site pessoal.<\/p>\n\n\n\n<p>O objetivo deste espa\u00e7o \u00e9 ser um ponto de acesso a todos os dados que disponibilizo na Internet. Isso inclui tutoriais, documentos, links etc. Geralmente falarei sobre Debian, GNU\/Linux, inform\u00e1tica em geral, tecnologia ou outras coisas da vida.<\/p>\n\n\n\n<p>As informa\u00e7\u00f5es estar\u00e3o dispon\u00edveis em p\u00e1ginas, blog e wiki. No entanto, como j\u00e1 falei, este local \u00e9 um ponto de partida. Logo acima, em <em>links<\/em>, est\u00e3o dispostos, em ordem alfab\u00e9tica, atalhos para o que as pessoas mais procuram por aqui. Mas voc\u00ea poder\u00e1 navegar nas p\u00e1ginas relacionadas no menu principal para encontrar outros t\u00f3picos \u00fateis ou de car\u00e1ter geral.<\/p>\n\n\n\n<p>Agrade\u00e7o a todos que sempre visitam o site e apreciam o meu trabalho. Caso deseje, siga-me no Twitter <a href=\"http:\/\/twitter.com\/eribertomota\">eribertomota<\/a>.<\/p>\n\n\n\n<p>Apenas como curiosidade, sobre a foto acima, avia\u00e7\u00e3o \u00e9 uma das minhas grandes paix\u00f5es.<\/p>\n\n\n\n<p>Enjoy!<\/p>\n\n\n\n<div style=\"height:100px\" aria-hidden=\"true\" class=\"wp-block-spacer\"><\/div>\n\n\n\n<p class=\"has-text-align-center\"><small>Copyright 1998-2025, Jo\u00e3o Eriberto Mota Filho &#8211; eriberto (a) eriberto pro br<br>Este site \u00e9 hospedado pela <a href=\"https:\/\/www.hostgator.com.br\">HostGator<\/a>. Recomendo!<\/small><\/p>\n\n\n\n<div style=\"height:40px\" aria-hidden=\"true\" class=\"wp-block-spacer\"><\/div>\n\n\n\n<p><\/p>\n","protected":false},"excerpt":{"rendered":"<p>Ol\u00e1, O meu nome \u00e9 Eriberto e este \u00e9 o meu site pessoal. O objetivo deste espa\u00e7o \u00e9 ser um ponto de acesso a todos<\/p>\n","protected":false},"author":2,"featured_media":0,"parent":0,"menu_order":0,"comment_status":"closed","ping_status":"open","template":"","meta":{"footnotes":""},"class_list":["post-6","page","type-page","status-publish","hentry"],"_links":{"self":[{"href":"https:\/\/eriberto.pro.br\/site\/wp-json\/wp\/v2\/pages\/6","targetHints":{"allow":["GET"]}}],"collection":[{"href":"https:\/\/eriberto.pro.br\/site\/wp-json\/wp\/v2\/pages"}],"about":[{"href":"https:\/\/eriberto.pro.br\/site\/wp-json\/wp\/v2\/types\/page"}],"author":[{"embeddable":true,"href":"https:\/\/eriberto.pro.br\/site\/wp-json\/wp\/v2\/users\/2"}],"replies":[{"embeddable":true,"href":"https:\/\/eriberto.pro.br\/site\/wp-json\/wp\/v2\/comments?post=6"}],"version-history":[{"count":11,"href":"https:\/\/eriberto.pro.br\/site\/wp-json\/wp\/v2\/pages\/6\/revisions"}],"predecessor-version":[{"id":832,"href":"https:\/\/eriberto.pro.br\/site\/wp-json\/wp\/v2\/pages\/6\/revisions\/832"}],"wp:attachment":[{"href":"https:\/\/eriberto.pro.br\/site\/wp-json\/wp\/v2\/media?parent=6"}],"curies":[{"name":"wp","href":"https:\/\/api.w.org\/{rel}","templated":true}]}}